{"id":1435,"date":"2016-03-01T15:54:10","date_gmt":"2016-03-01T15:54:10","guid":{"rendered":"http:\/\/templattio.com\/guardwp\/?page_id=1435"},"modified":"2024-04-15T14:10:25","modified_gmt":"2024-04-15T14:10:25","slug":"impressum","status":"publish","type":"page","link":"https:\/\/boviro-security.ch\/index.php\/impressum\/","title":{"rendered":"Impressum"},"content":{"rendered":"<p>[vc_row full_width=&#187;stretch_row&#187; gap=&#187;35&#8243; css=&#187;.vc_custom_1457512032984{background-color: #f7f7f7 !important;}&#187;][vc_column][tt_gm_info_block_shortcode sort_1=&#187;o-subtitle&#187; sort_2=&#187;o-title&#187; sort_3=&#187;o-separator&#187; sort_4=&#187;o-blockquote&#187; sort_5=&#187;o-description&#187; title=&#187;Impressum&#187; title_space=&#187;30&#8243; teaser_size=&#187;16&#8243; blq_space=&#187;20&#8243; sp_space=&#187;40&#8243; description=&#187;Lorem ipsum dolor sit amet consectetur adipisicing elit sed dolora eiusmod tempor incididunt dolor magna aliqua ellut enim ad minim veniam quis nostrud exercitation ullamco aboris nisi aliquipue sed commod conseque aute irure dolor.&#187; line=&#187;yes&#187;]<strong>Firmenname:<\/strong> BOVIRO-SECURITY GmbH<\/p>\n<p><strong>Gesch\u00e4ftsf\u00fchrer:<\/strong> Martin Koster<\/p>\n<p><strong>Adresse:<\/strong> Chamerstrasse 56, 6300 Zug, Schweiz<\/p>\n<p><strong>Kontakt:<\/strong><\/p>\n<ul>\n<li><strong>Telefon:<\/strong> +41 41 710 55 60<\/li>\n<li><strong>E-Mail: <a href=\"mailto:info@boviro-security.ch\" target=\"_new\" rel=\"noopener\">info@boviro-security.ch<\/a><\/strong><\/li>\n<\/ul>\n<p><strong>Firmennummer:<\/strong> CHE-186.141.072<\/p>\n<p><strong>Verantwortlich f\u00fcr den Inhalt nach \u00a7 55 Abs. 2 RStV:<\/strong> Martin Koster<\/p>\n<p><strong>Haftungshinweis:<\/strong> Trotz sorgf\u00e4ltiger inhaltlicher Kontrolle \u00fcbernehmen wir keine Haftung f\u00fcr die Inhalte externer Links. F\u00fcr den Inhalt der verlinkten Seiten sind ausschliesslich deren Betreiber verantwortlich.<\/p>\n<p><strong>Urheberrecht:<\/strong> Die durch die Seitenbetreiber erstellten Inhalte und Werke auf diesen Seiten unterliegen dem schweizerischen Urheberrecht. Die Vervielf\u00e4ltigung, Bearbeitung, Verbreitung und jede Art der Verwertung ausserhalb der Grenzen des Urheberrechtes bed\u00fcrfen der schriftlichen Zustimmung des jeweiligen Autors bzw. Erstellers.<\/p>\n<p><strong>Datenschutz:<\/strong><\/p>\n<p><strong>1. Allgemeine Hinweise<\/strong><\/p>\n<p>Die BOVIRO-SECURITY GmbH nimmt den Schutz Ihrer pers\u00f6nlichen Daten sehr ernst. Wir behandeln Ihre personenbezogenen Daten vertraulich und entsprechend der gesetzlichen Datenschutzvorschriften sowie dieser Datenschutzerkl\u00e4rung.<\/p>\n<p><strong>2. Datenerfassung auf unserer Website<\/strong><\/p>\n<p><strong>a. Wer ist verantwortlich f\u00fcr die Datenerfassung auf dieser Website?<\/strong><br \/>\nDie Datenverarbeitung auf dieser Website erfolgt durch die BOVIRO-SECURITY GmbH. Unsere Kontaktdaten finden Sie im Impressum dieser Website.<\/p>\n<p><strong>b. Wie erfassen wir Ihre Daten?<\/strong><br \/>\nIhre Daten werden zum einen dadurch erhoben, dass Sie uns diese mitteilen. Hierbei kann es sich z.B. um Daten handeln, die Sie in ein Kontaktformular eingeben.<\/p>\n<p>Andere Daten werden automatisch beim Besuch der Website durch unsere IT-Systeme erfasst. Das sind vor allem technische Daten (z.B. Internetbrowser, Betriebssystem oder Uhrzeit des Seitenaufrufs). Die Erfassung dieser Daten erfolgt automatisch, sobald Sie unsere Website betreten.<\/p>\n<p><strong>3. Wof\u00fcr nutzen wir Ihre Daten?<\/strong><br \/>\nEin Teil der Daten wird erhoben, um eine fehlerfreie Bereitstellung der Website zu gew\u00e4hrleisten. Andere Daten k\u00f6nnen zur Analyse Ihres Nutzerverhaltens verwendet werden.<\/p>\n<p><strong>4. Welche Rechte haben Sie bez\u00fcglich Ihrer Daten?<\/strong><br \/>\nSie haben jederzeit das Recht unentgeltlich Auskunft \u00fcber Herkunft, Empf\u00e4nger und Zweck Ihrer gespeicherten personenbezogenen Daten zu erhalten. Sie haben ausserdem ein Recht, die Berichtigung, Sperrung oder L\u00f6schung dieser Daten zu verlangen. Hierzu sowie zu weiteren Fragen zum Thema Datenschutz k\u00f6nnen Sie sich jederzeit unter der im Impressum angegebenen Adresse an uns wenden. Des Weiteren steht Ihnen ein Beschwerderecht bei der zust\u00e4ndigen Aufsichtsbeh\u00f6rde zu.<\/p>\n<p><strong>5. Analyse-Tools und Tools von Drittanbietern<\/strong><br \/>\nBeim Besuch unserer Website kann Ihr Surf-Verhalten statistisch ausgewertet werden. Das geschieht vor allem mit Cookies und mit sogenannten Analyseprogrammen. Die Analyse Ihres Surf-Verhaltens erfolgt in der Regel anonym; das Surf-Verhalten kann nicht zu Ihnen zur\u00fcckverfolgt werden.[\/tt_gm_info_block_shortcode][\/vc_column][\/vc_row]<\/p>\n","protected":false},"excerpt":{"rendered":"<p>[vc_row full_width=&#187;stretch_row&#187; gap=&#187;35&#8243; css=&#187;.vc_custom_1457512032984{background-color: #f7f7f7 !important;}&#187;][vc_column][tt_gm_info_block_shortcode sort_1=&#187;o-subtitle&#187; sort_2=&#187;o-title&#187; sort_3=&#187;o-separator&#187; sort_4=&#187;o-blockquote&#187; sort_5=&#187;o-description&#187; title=&#187;Impressum&#187; title_space=&#187;30&#8243; teaser_size=&#187;16&#8243; blq_space=&#187;20&#8243; sp_space=&#187;40&#8243; description=&#187;Lorem ipsum dolor sit amet consectetur adipisicing elit sed dolora eiusmod tempor incididunt dolor magna aliqua ellut enim ad minim veniam quis nostrud exercitation ullamco aboris nisi aliquipue sed commod conseque aute irure dolor.&#187; line=&#187;yes&#187;]Firmenname: BOVIRO-SECURITY GmbH Gesch\u00e4ftsf\u00fchrer: Martin [&hellip;]<\/p>\n","protected":false},"author":1,"featured_media":0,"parent":0,"menu_order":0,"comment_status":"closed","ping_status":"closed","template":"","meta":{"footnotes":""},"class_list":["post-1435","page","type-page","status-publish","hentry"],"_links":{"self":[{"href":"https:\/\/boviro-security.ch\/index.php\/wp-json\/wp\/v2\/pages\/1435","targetHints":{"allow":["GET"]}}],"collection":[{"href":"https:\/\/boviro-security.ch\/index.php\/wp-json\/wp\/v2\/pages"}],"about":[{"href":"https:\/\/boviro-security.ch\/index.php\/wp-json\/wp\/v2\/types\/page"}],"author":[{"embeddable":true,"href":"https:\/\/boviro-security.ch\/index.php\/wp-json\/wp\/v2\/users\/1"}],"replies":[{"embeddable":true,"href":"https:\/\/boviro-security.ch\/index.php\/wp-json\/wp\/v2\/comments?post=1435"}],"version-history":[{"count":5,"href":"https:\/\/boviro-security.ch\/index.php\/wp-json\/wp\/v2\/pages\/1435\/revisions"}],"predecessor-version":[{"id":2078,"href":"https:\/\/boviro-security.ch\/index.php\/wp-json\/wp\/v2\/pages\/1435\/revisions\/2078"}],"wp:attachment":[{"href":"https:\/\/boviro-security.ch\/index.php\/wp-json\/wp\/v2\/media?parent=1435"}],"curies":[{"name":"wp","href":"https:\/\/api.w.org\/{rel}","templated":true}]}}