{"id":1086,"date":"2013-03-15T18:21:12","date_gmt":"2013-03-15T23:21:12","guid":{"rendered":"http:\/\/wptest.io\/demo\/?page_id=1086"},"modified":"2024-04-18T16:38:26","modified_gmt":"2024-04-18T16:38:26","slug":"ueberuns","status":"publish","type":"page","link":"https:\/\/boviro-security.ch\/index.php\/ueberuns\/","title":{"rendered":"\u00dcber uns"},"content":{"rendered":"<p>[vc_row full_width=&#187;stretch_row&#187; css=&#187;.vc_custom_1457786349260{background-color: #ffffff !important;}&#187;][vc_column][vc_column_text]<\/p>\n<h1>BOVIRO-SECURITY GmbH<\/h1>\n<p>[\/vc_column_text][vc_column_text]Chamerstrasse 56<br \/>\n6300 Zug<\/p>\n<p>Tel: 0041 41 710 55 60<br \/>\nE-Mail: <a href=\"mailto:info@boviro-security.ch\">info@boviro-security.ch<\/a><br \/>\nWebsite: www.boviro-security.ch<\/p>\n<p>Gegr\u00fcndet am 14.04.2022<\/p>\n<p>UID: CHE-186.141.072<br \/>\nCH-ID: CH-170-4019551-9<br \/>\nEHRA-ID: 1533162<\/p>\n<p>MwSt Nr.:<\/p>\n<p>Die Firma BOVIRO-SECURITY GmbH verf\u00fcgt \u00fcber die Bewilligung f\u00fcr die Aus\u00fcbung einer bewilligungspflichtigen T\u00e4tigkeit im Bereich der privaten Sicherheitsdienste im Kanton Aargau.\u00a0 (Nr. 2023\/00007)[\/vc_column_text][vc_empty_space height=&#187;70px&#187;][\/vc_column][\/vc_row][vc_row full_width=&#187;stretch_row&#187; css=&#187;.vc_custom_1643274398807{background-color: #ffffff !important;}&#187;][vc_column width=&#187;1\/2&#8243; el_class=&#187;home-our-services&#187; css=&#187;.vc_custom_1457599291667{margin-top: -68px !important;padding-right: 80px !important;}&#187;][tt_gm_info_block_shortcode sort_1=&#187;o-subtitle&#187; sort_2=&#187;o-title&#187; sort_3=&#187;o-blockquote&#187; sort_5=&#187;o-description&#187; title=&#187;Martin Koster&#187; title_space=&#187;30&#8243; subtitle=&#187;Gesch\u00e4ftsf\u00fchrer&#187; blq=&#187;Meine langj\u00e4hrige Erfahrung in der Sicherheitsbranche in den Bereichen Veranstaltungsschutz, Objektschutz und Verkehrsdienst erlaubt es mir Sie kompetent zu beraten. Zusammen mit meinem Team sorge ich f\u00fcr die bestm\u00f6gliche Ausf\u00fchrung Ihres Auftrags.&#187; teaser_size=&#187;16&#8243; blq_space=&#187;30&#8243; sp_space=&#187;40&#8243; line=&#187;yes&#187; undefined=&#187;&#187;]<strong>Ausbildungen<\/strong><\/p>\n<p><strong>2024:BLS AED SRC<\/strong><br \/>\n<strong>IVR 1<\/strong><br \/>\n<strong>First Responder<\/strong><\/p>\n<p><strong>2021: Sicherheitsfachmann Bewachung mit eidgen\u00f6ssischen Fachausweis<br \/>\n<\/strong><strong>2020: Waffentragschein<br \/>\n<\/strong><strong>2009: Ordnungsbussenverordnung (OBV) Stapo Winterthur<\/strong><\/p>\n<p><strong>&gt; 18<\/strong> Jahre Berufserfahrung<br \/>\nImmer <strong>100%<\/strong> f\u00fcr die Kunden und Mitarbeiter da[\/tt_gm_info_block_shortcode][\/vc_column][vc_column width=&#187;1\/2&#8243; css=&#187;.vc_custom_1643275043766{margin: 0px !important;padding: 0px !important;background-color: #ffffff !important;border: 0px solid #ffffff !important;border-radius: 1px !important;}&#187;][vc_single_image image=&#187;2053&#8243; img_size=&#187;large&#187; alignment=&#187;center&#187;][\/vc_column][\/vc_row][vc_row full_width=&#187;stretch_row&#187; css=&#187;.vc_custom_1457015125867{background-color: #f7f7f7 !important;}&#187;][vc_column][vc_column_text]<\/p>\n<h4 style=\"text-align: center;\">F\u00fcr Offert-Angebotsanfragen kontaktieren Sie uns bitte via E-Mail unter:<br \/>\ninfo@boviro-security.ch<\/h4>\n<h4 style=\"text-align: center;\">Die Ausbildung unserer Mitarbeiter<\/h4>\n<h4 style=\"text-align: center;\">Alle unsere Mitarbeiter haben eine Ausbildung zu den Themen Verkehrsdienst, Recht,<br \/>\nGrundlagen der Psychologie, Anwendung Pfefferspray, Anwendung eigene Sicherheit absolviert.<\/h4>\n<h4 style=\"text-align: center;\"><\/h4>\n<h4 style=\"text-align: center;\"><\/h4>\n<p>[\/vc_column_text][vc_empty_space height=&#187;60px&#187;][vc_single_image image=&#187;1950&#8243; img_size=&#187;400x&#187; add_caption=&#187;yes&#187; alignment=&#187;center&#187; onclick=&#187;custom_link&#187; title=&#187;N\u00fctzliche Links:&#187; link=&#187;http:\/\/www.k-swiss-sicherheitszentrum.com\/&#187;][vc_column_text]<\/p>\n<h3 style=\"text-align: center;\">Ausbildungsst\u00e4tte f\u00fcr unsere Mitarbeiter in den n\u00f6tigen Fachbereichen f\u00fcr Qualit\u00e4t und Sicherheit.<\/h3>\n<p>[\/vc_column_text][\/vc_column][\/vc_row][vc_row content_placement=&#187;middle&#187;][vc_column width=&#187;1\/4&#8243;][vc_single_image image=&#187;1986&#8243; img_size=&#187;400&#215;200&#8243; onclick=&#187;custom_link&#187; img_link_target=&#187;_blank&#187; link=&#187;https:\/\/zg.ch\/de\/sicherheitsdirektion\/zuger-polizei&#187;][\/vc_column][vc_column width=&#187;1\/4&#8243;][vc_single_image image=&#187;1953&#8243; img_size=&#187;400&#215;100&#8243; onclick=&#187;custom_link&#187; img_link_target=&#187;_blank&#187; link=&#187;https:\/\/www.zh.ch\/de\/sicherheitsdirektion\/kantonspolizei-zuerich.html&#187;][\/vc_column][vc_column width=&#187;1\/4&#8243;][vc_single_image image=&#187;1995&#8243; img_size=&#187;medium&#187; onclick=&#187;custom_link&#187; img_link_target=&#187;_blank&#187; link=&#187;https:\/\/www.stadt-zuerich.ch\/pd\/de\/index.html&#187;][\/vc_column][vc_column width=&#187;1\/4&#8243;][vc_single_image image=&#187;2061&#8243; img_size=&#187;medium&#187; add_caption=&#187;yes&#187; alignment=&#187;center&#187; onclick=&#187;custom_link&#187; img_link_target=&#187;_blank&#187; link=&#187;https:\/\/www.ag.ch\/de\/verwaltung\/dvi\/kantonspolizei&#187;][\/vc_column][\/vc_row][vc_row][vc_column width=&#187;1\/4&#8243;][vc_column_text]<\/p>\n<p style=\"text-align: center;\">Bewilligung zur Aus\u00fcbung der Verkehrsregelung auf \u00f6ffentlichen Strassen im Kanton Zug<\/p>\n<p>[\/vc_column_text][\/vc_column][vc_column width=&#187;1\/4&#8243;][vc_column_text]<\/p>\n<p style=\"text-align: center;\">Bewilligung zur Verkehrsregelung auf \u00f6ffentlichen Strassen durch Verkehrsdienst im Kanton Z\u00fcrich<\/p>\n<p>[\/vc_column_text][\/vc_column][vc_column width=&#187;1\/4&#8243;][vc_column_text]<\/p>\n<p style=\"text-align: center;\">Kontakt f\u00fcr z.B. Bewilligungen, Parkkarten etc.<\/p>\n<p>[\/vc_column_text][\/vc_column][vc_column width=&#187;1\/4&#8243;][vc_column_text]<\/p>\n<p style=\"text-align: center;\">Bewilligung f\u00fcr die Aus\u00fcbung einer bewilligungspflichtigen T\u00e4tigkeit im Bereich der privaten Sicherheitsdienste im Kanton Aargau<\/p>\n<p>[\/vc_column_text][\/vc_column][\/vc_row][vc_row][vc_column][vc_column_text]<\/p>\n<h6>Diese Links sind ein Hilfsmittel f\u00fcr Sie als Besucher der Webseite www.bovrio-security.ch.<br \/>\nDiese stehen in keinem direkten Zusammenhang von Auftr\u00e4gen der <span class=\"error misspelling\" title=\"M\u00f6glicher Tippfehler gefunden.\" data-type=\"misspelling\" data-suggestions=\"[]\" data-rule=\"GERMAN_SPELLER_RULE\" data-word=\"BOVIRO-SECURITY\">BOVIRO-SECURITY<\/span> GmbH.<\/h6>\n<p>[\/vc_column_text][\/vc_column][\/vc_row]<\/p>\n","protected":false},"excerpt":{"rendered":"<p>[vc_row full_width=&#187;stretch_row&#187; css=&#187;.vc_custom_1457786349260{background-color: #ffffff !important;}&#187;][vc_column][vc_column_text] BOVIRO-SECURITY GmbH [\/vc_column_text][vc_column_text]Chamerstrasse 56 6300 Zug Tel: 0041 41 710 55 60 E-Mail: info@boviro-security.ch Website: www.boviro-security.ch Gegr\u00fcndet am 14.04.2022 UID: CHE-186.141.072 CH-ID: CH-170-4019551-9 EHRA-ID: 1533162 MwSt Nr.: Die Firma BOVIRO-SECURITY GmbH verf\u00fcgt \u00fcber die Bewilligung f\u00fcr die Aus\u00fcbung einer bewilligungspflichtigen T\u00e4tigkeit im Bereich der privaten Sicherheitsdienste im Kanton Aargau.\u00a0 (Nr. [&hellip;]<\/p>\n","protected":false},"author":1,"featured_media":0,"parent":0,"menu_order":0,"comment_status":"closed","ping_status":"closed","template":"","meta":{"footnotes":""},"class_list":["post-1086","page","type-page","status-publish","hentry"],"_links":{"self":[{"href":"https:\/\/boviro-security.ch\/index.php\/wp-json\/wp\/v2\/pages\/1086","targetHints":{"allow":["GET"]}}],"collection":[{"href":"https:\/\/boviro-security.ch\/index.php\/wp-json\/wp\/v2\/pages"}],"about":[{"href":"https:\/\/boviro-security.ch\/index.php\/wp-json\/wp\/v2\/types\/page"}],"author":[{"embeddable":true,"href":"https:\/\/boviro-security.ch\/index.php\/wp-json\/wp\/v2\/users\/1"}],"replies":[{"embeddable":true,"href":"https:\/\/boviro-security.ch\/index.php\/wp-json\/wp\/v2\/comments?post=1086"}],"version-history":[{"count":25,"href":"https:\/\/boviro-security.ch\/index.php\/wp-json\/wp\/v2\/pages\/1086\/revisions"}],"predecessor-version":[{"id":2105,"href":"https:\/\/boviro-security.ch\/index.php\/wp-json\/wp\/v2\/pages\/1086\/revisions\/2105"}],"wp:attachment":[{"href":"https:\/\/boviro-security.ch\/index.php\/wp-json\/wp\/v2\/media?parent=1086"}],"curies":[{"name":"wp","href":"https:\/\/api.w.org\/{rel}","templated":true}]}}