{"id":1064,"date":"2013-03-15T17:56:11","date_gmt":"2013-03-15T22:56:11","guid":{"rendered":"http:\/\/wptest.io\/demo\/?page_id=1064"},"modified":"2024-04-18T16:36:12","modified_gmt":"2024-04-18T16:36:12","slug":"home","status":"publish","type":"page","link":"https:\/\/boviro-security.ch\/","title":{"rendered":"Home"},"content":{"rendered":"<p>[vc_row full_width=&#187;stretch_row&#187;][vc_column video_bg=&#187;yes&#187; video_bg_url=&#187;https:\/\/www.pexels.com\/de-de\/foto\/drohnen-filmmaterial-einer-stadt-in-der-abenddammerung-3263404\/&#187;][rev_slider_vc alias=&#187;slider-type-2&#8243;][\/vc_column][\/vc_row][vc_row full_width=&#187;stretch_row&#187; css=&#187;.vc_custom_1457015173541{background-color: #f7f7f7 !important;}&#187;][vc_column width=&#187;2\/3&#8243;][vc_empty_space height=&#187;60px&#187;][tt_gm_info_block_shortcode sort_1=&#187;o-subtitle&#187; sort_2=&#187;o-title&#187; sort_4=&#187;o-description&#187; title=&#187;BOVIRO-SECURITY GmbH&#187; title_space=&#187;30&#8243; desc_space=&#187;35&#8243; blq_color=&#187;#ffffff&#187; sp_space=&#187;20&#8243; btn_bg=&#187;#dd3333&#8243; line=&#187;yes&#187; description=&#187;Lorem ipsum dolor sit amet consectetur adipisicing elit sed dol eiusmod tempor incididunt dolor magna aliqua ut enim ad minim veniam quis nostrud exercitation ullamco aboris nisi aliquip commod conseque aute irure dolor in reprehenderit in voluptate velit esvse cillum dolore eu fugiat nulla pariatur enimadm nostrud exercitation ullamco laboris nisi ut aliquip exea consequat.<\/p>\n<p><strong>More than five decades in industry gives us the power to perform every day and every time.<\/strong>&#171;]<\/p>\n<div class=\"page\" title=\"Page 1\">\n<div class=\"layoutArea\">\n<div class=\"column\">\n<p>Sicherheit ist ein wichtiges Bed\u00fcrfnis und bildet eine essenzielle Basis f\u00fcr ein positives Lebensgef\u00fchl.<br \/>\nBOVIRO-SECURITY GmbH ist der optimale Partner um das t\u00e4gliche Leben sicherer zu gestalten. Sicherheit ist unser Beitrag zur Lebensqualit\u00e4t.<\/p>\n<p>Die BOVIRO-SECURITY GmbH hat sich zum Ziel gesetzt jeden Kunden individuell zu beraten und mit pr\u00e4zisen Entscheidungen das optimale Produkt f\u00fcr Ihre Sicherheit zu finden. Dank langj\u00e4hriger Erfahrung in den Bereichen Bewachung, Objektschutz, Verkehrsdienst, Intervention, Revierdienst und im Ordnungsdienst verf\u00fcgt die<br \/>\nBOVIRO-SECURITY GmbH \u00fcber eine hohe Kompetenz.<\/p>\n<p><strong>Lassen Sie sich \u00fcberzeugen von der Professionalit\u00e4t und der Qualit\u00e4t, die hinter unserer geleisteten Arbeit steht.<\/strong><\/p>\n<p><strong>\u00a0<\/strong><\/p>\n<\/div>\n<\/div>\n<\/div>\n<p>&nbsp;<\/p>\n<p>&nbsp;[\/tt_gm_info_block_shortcode][vc_empty_space height=&#187;120px&#187;][\/vc_column][vc_column width=&#187;1\/3&#8243;][vc_empty_space height=&#187;85px&#187;][tt_gm_info_block_shortcode sort_1=&#187;o-subtitle&#187; sort_2=&#187;o-title&#187; title=&#187;Unsere Dienstleistungen&#187; title_size=&#187;30&#8243; title_space=&#187;30&#8243; subtitle=&#187;BOVIRO-SECURITY GmbH&#187; sub_size=&#187;20&#8243; sp_space=&#187;40&#8243; line=&#187;yes&#187;]I am test text block. Click edit button to change this text.[\/tt_gm_info_block_shortcode][tt_gm_list_shortcode][tt_gm_list_item_shortcode title=&#187;Bewachung&#187; type_icon=&#187;fas fa-binoculars&#187; iconcolor=&#187;#000000&#8243;][tt_gm_list_item_shortcode title=&#187;Objektschutz&#187; type_icon=&#187;fas fa-building&#187; iconcolor=&#187;#000000&#8243;][tt_gm_list_item_shortcode title=&#187;Verkehrsdienst&#187; type_icon=&#187;fas fa-exclamation-triangle&#187; iconcolor=&#187;#000000&#8243;][tt_gm_list_item_shortcode title=&#187;Interventionsdienst&#187; type_icon=&#187;fas fa-user-secret&#187; iconcolor=&#187;#000000&#8243;][tt_gm_list_item_shortcode title=&#187;Revierdienst&#187; type_icon=&#187;fas fa-unlock&#187; iconcolor=&#187;#000000&#8243;][tt_gm_list_item_shortcode title=&#187;Ordnungsdienst&#187; type_icon=&#187;fas fa-bell&#187; iconcolor=&#187;#000000&#8243;][\/tt_gm_list_shortcode][tt_gm_info_block_shortcode][\/tt_gm_info_block_shortcode][\/vc_column][\/vc_row][vc_row full_width=&#187;stretch_row&#187; el_class=&#187;working-with-us&#187; css=&#187;.vc_custom_1457625692082{padding-top: 30px !important;background-color: #ffffff !important;}&#187;][vc_column width=&#187;1\/2&#8243; css=&#187;.vc_custom_1457783805880{margin-bottom: 0px !important;margin-left: -40px !important;}&#187;][vc_single_image image=&#187;2098&#8243; img_size=&#187;700&#215;600&#8243; alignment=&#187;center&#187; css=&#187;.vc_custom_1713458165804{margin-bottom: 0px !important;}&#187;][\/vc_column][vc_column width=&#187;1\/2&#8243;][tt_gm_info_block_shortcode sort_1=&#187;o-title&#187; sort_2=&#187;o-subtitle&#187; sort_3=&#187;o-blockquote&#187; sort_4=&#187;o-button&#187; title=&#187;Flexible \u00dcberwachung nach Kundenwunsch&#187; sub_size=&#187;14&#8243; sbtitle_space=&#187;45&#8243; blq=&#187;Unser Unternehmen bietet wirtschaftliche und flexible Objekt\u00fcberwachungen aller Art an. Unsere Kunden k\u00f6nnen sowohl die Dauer als auch die H\u00e4ufigkeit der Kontrollen nach individuellen W\u00fcnschen festlegen.&#187; teaser_size=&#187;16&#8243; blq_space=&#187;50&#8243; b_title=&#187;kontakt&#187; link=&#187;https:\/\/boviro-security.ch\/index.php\/kontakt\/&#187; txt_color=&#187;#ffffff&#187; btn_bg=&#187;#dd3333&#8243; border=&#187;#dd3333&#8243; line=&#187;yes&#187;][\/tt_gm_info_block_shortcode][vc_separator color=&#187;white&#187;][\/vc_column][\/vc_row]<\/p>\n","protected":false},"excerpt":{"rendered":"<p>[vc_row full_width=&#187;stretch_row&#187;][vc_column video_bg=&#187;yes&#187; video_bg_url=&#187;https:\/\/www.pexels.com\/de-de\/foto\/drohnen-filmmaterial-einer-stadt-in-der-abenddammerung-3263404\/&#187;][rev_slider_vc alias=&#187;slider-type-2&#8243;][\/vc_column][\/vc_row][vc_row full_width=&#187;stretch_row&#187; css=&#187;.vc_custom_1457015173541{background-color: #f7f7f7 !important;}&#187;][vc_column width=&#187;2\/3&#8243;][vc_empty_space height=&#187;60px&#187;][tt_gm_info_block_shortcode sort_1=&#187;o-subtitle&#187; sort_2=&#187;o-title&#187; sort_4=&#187;o-description&#187; title=&#187;BOVIRO-SECURITY GmbH&#187; title_space=&#187;30&#8243; desc_space=&#187;35&#8243; blq_color=&#187;#ffffff&#187; sp_space=&#187;20&#8243; btn_bg=&#187;#dd3333&#8243; line=&#187;yes&#187; description=&#187;Lorem ipsum dolor sit amet consectetur adipisicing elit sed dol eiusmod tempor incididunt dolor magna aliqua ut enim ad minim veniam quis nostrud exercitation ullamco aboris nisi aliquip commod conseque aute irure dolor [&hellip;]<\/p>\n","protected":false},"author":1,"featured_media":0,"parent":0,"menu_order":0,"comment_status":"closed","ping_status":"closed","template":"","meta":{"footnotes":""},"class_list":["post-1064","page","type-page","status-publish","hentry"],"_links":{"self":[{"href":"https:\/\/boviro-security.ch\/index.php\/wp-json\/wp\/v2\/pages\/1064","targetHints":{"allow":["GET"]}}],"collection":[{"href":"https:\/\/boviro-security.ch\/index.php\/wp-json\/wp\/v2\/pages"}],"about":[{"href":"https:\/\/boviro-security.ch\/index.php\/wp-json\/wp\/v2\/types\/page"}],"author":[{"embeddable":true,"href":"https:\/\/boviro-security.ch\/index.php\/wp-json\/wp\/v2\/users\/1"}],"replies":[{"embeddable":true,"href":"https:\/\/boviro-security.ch\/index.php\/wp-json\/wp\/v2\/comments?post=1064"}],"version-history":[{"count":37,"href":"https:\/\/boviro-security.ch\/index.php\/wp-json\/wp\/v2\/pages\/1064\/revisions"}],"predecessor-version":[{"id":2104,"href":"https:\/\/boviro-security.ch\/index.php\/wp-json\/wp\/v2\/pages\/1064\/revisions\/2104"}],"wp:attachment":[{"href":"https:\/\/boviro-security.ch\/index.php\/wp-json\/wp\/v2\/media?parent=1064"}],"curies":[{"name":"wp","href":"https:\/\/api.w.org\/{rel}","templated":true}]}}